{"id":3228,"date":"2021-03-09T16:55:47","date_gmt":"2021-03-09T16:55:47","guid":{"rendered":"https:\/\/boltendahl.com\/politica-de-privacidad\/"},"modified":"2023-09-15T13:42:18","modified_gmt":"2023-09-15T13:42:18","slug":"privacy-policy","status":"publish","type":"page","link":"https:\/\/boltendahl.com\/en\/privacy-policy\/","title":{"rendered":"Privacy Policy"},"content":{"rendered":"[vc_row type=&#8221;full_width_background&#8221; full_screen_row_position=&#8221;middle&#8221; column_margin=&#8221;default&#8221; equal_height=&#8221;yes&#8221; content_placement=&#8221;top&#8221; column_direction=&#8221;default&#8221; column_direction_tablet=&#8221;default&#8221; column_direction_phone=&#8221;default&#8221; scene_position=&#8221;center&#8221; top_padding=&#8221;0&#8243; bottom_padding=&#8221;2%&#8221; text_color=&#8221;dark&#8221; text_align=&#8221;left&#8221; row_border_radius=&#8221;none&#8221; row_border_radius_applies=&#8221;bg&#8221; overflow=&#8221;visible&#8221; overlay_strength=&#8221;0.3&#8243; gradient_direction=&#8221;left_to_right&#8221; shape_divider_color=&#8221;#f9f9f9&#8243; shape_divider_position=&#8221;bottom&#8221; shape_divider_height=&#8221;65%&#8221; bg_image_animation=&#8221;none&#8221; shape_type=&#8221;straight_section&#8221;][vc_column column_padding=&#8221;padding-6-percent&#8221; column_padding_tablet=&#8221;padding-3-percent&#8221; column_padding_phone=&#8221;no-extra-padding&#8221; column_padding_position=&#8221;left&#8221; top_margin=&#8221;8%&#8221; column_element_direction_desktop=&#8221;default&#8221; column_element_spacing=&#8221;default&#8221; desktop_text_alignment=&#8221;default&#8221; tablet_text_alignment=&#8221;default&#8221; phone_text_alignment=&#8221;default&#8221; background_color_opacity=&#8221;1&#8243; background_hover_color_opacity=&#8221;1&#8243; column_backdrop_filter=&#8221;none&#8221; column_shadow=&#8221;none&#8221; column_border_radius=&#8221;none&#8221; column_link_target=&#8221;_self&#8221; column_position=&#8221;default&#8221; gradient_direction=&#8221;left_to_right&#8221; overlay_strength=&#8221;0.3&#8243; width=&#8221;1\/2&#8243; tablet_width_inherit=&#8221;default&#8221; animation_type=&#8221;default&#8221; bg_image_animation=&#8221;none&#8221; border_type=&#8221;simple&#8221; column_border_width=&#8221;none&#8221; column_border_style=&#8221;solid&#8221;][vc_column_text css=&#8221;.vc_custom_1618936616805{margin-top: 50px !important;margin-bottom: 20px !important;}&#8221; el_class=&#8221;fuente-titulo-1 color-2&#8243;]\n<h1>Pol\u00edtica de privacidad<\/h1>\n[\/vc_column_text][\/vc_column][vc_column column_padding=&#8221;padding-3-percent&#8221; column_padding_tablet=&#8221;inherit&#8221; column_padding_phone=&#8221;inherit&#8221; column_padding_position=&#8221;right&#8221; column_element_direction_desktop=&#8221;default&#8221; column_element_spacing=&#8221;default&#8221; desktop_text_alignment=&#8221;default&#8221; tablet_text_alignment=&#8221;default&#8221; phone_text_alignment=&#8221;default&#8221; background_color_opacity=&#8221;1&#8243; background_hover_color_opacity=&#8221;1&#8243; column_backdrop_filter=&#8221;none&#8221; column_shadow=&#8221;none&#8221; column_border_radius=&#8221;none&#8221; column_link_target=&#8221;_self&#8221; column_position=&#8221;default&#8221; gradient_direction=&#8221;left_to_right&#8221; overlay_strength=&#8221;0.3&#8243; width=&#8221;1\/2&#8243; tablet_width_inherit=&#8221;default&#8221; animation_type=&#8221;default&#8221; bg_image_animation=&#8221;none&#8221; border_type=&#8221;simple&#8221; column_border_width=&#8221;none&#8221; column_border_style=&#8221;solid&#8221;][\/vc_column][\/vc_row][vc_row type=&#8221;in_container&#8221; full_screen_row_position=&#8221;middle&#8221; column_margin=&#8221;default&#8221; column_direction=&#8221;default&#8221; column_direction_tablet=&#8221;default&#8221; column_direction_phone=&#8221;default&#8221; scene_position=&#8221;center&#8221; text_color=&#8221;dark&#8221; text_align=&#8221;left&#8221; row_border_radius=&#8221;none&#8221; row_border_radius_applies=&#8221;bg&#8221; overflow=&#8221;visible&#8221; class=&#8221;fuente-titulo-1 size-3&#8243; overlay_strength=&#8221;0.3&#8243; gradient_direction=&#8221;left_to_right&#8221; shape_divider_position=&#8221;bottom&#8221; bg_image_animation=&#8221;none&#8221; shape_type=&#8221;&#8221;][vc_column column_padding=&#8221;no-extra-padding&#8221; column_padding_tablet=&#8221;inherit&#8221; column_padding_phone=&#8221;inherit&#8221; column_padding_position=&#8221;all&#8221; column_element_direction_desktop=&#8221;default&#8221; column_element_spacing=&#8221;default&#8221; desktop_text_alignment=&#8221;default&#8221; tablet_text_alignment=&#8221;default&#8221; phone_text_alignment=&#8221;default&#8221; background_color_opacity=&#8221;1&#8243; background_hover_color_opacity=&#8221;1&#8243; column_backdrop_filter=&#8221;none&#8221; column_shadow=&#8221;none&#8221; column_border_radius=&#8221;none&#8221; column_link_target=&#8221;_self&#8221; column_position=&#8221;default&#8221; gradient_direction=&#8221;left_to_right&#8221; overlay_strength=&#8221;0.3&#8243; width=&#8221;1\/1&#8243; tablet_width_inherit=&#8221;default&#8221; animation_type=&#8221;default&#8221; bg_image_animation=&#8221;none&#8221; border_type=&#8221;simple&#8221; column_border_width=&#8221;none&#8221; column_border_style=&#8221;solid&#8221; offset=&#8221;vc_col-lg-offset-1 vc_col-lg-10 vc_col-md-offset-1 vc_col-md-10&#8243;][vc_column_text]\n<h2>1.- \u00bfQui\u00e9nes somos?<\/h2>\n<p>Esta p\u00e1gina Web es titularidad de<\/p>\n<p>DULLET S.A.<br \/>\nReconquista 517<br \/>\n11000 Montevideo<br \/>\nUruguay<br \/>\nRUT: 219224660016<br \/>\nT. +598 2916 1225.<\/p>\n<p>El responsable del tratamiento de tus datos es DULLET S.A, en adelante Boltendhal. Esto quiere decir que nos hacemos cargo de tratar y proteger tus datos personales.<\/p>\n<h2>2.- Informaci\u00f3n y consentimiento<\/h2>\n<p>Mediante la aceptaci\u00f3n de la presente Pol\u00edtica de Privacidad, quedas informado y prestas tu consentimiento libre, informado, espec\u00edfico e inequ\u00edvoco para que los datos personales que facilites a trav\u00e9s de la p\u00e1gina Web ubicada en la URL\u00a0 http:\/\/www.boltendahl.com (en adelante, el \u201cSitio Web\u201d) sean tratados por Boltendahl, as\u00ed como los datos derivados de su navegaci\u00f3n y aquellos otros que puedas facilitar en un futuro.<\/p>\n<p>Debes leer con atenci\u00f3n esta Pol\u00edtica de Privacidad, que ha sido redactada de forma clara y sencilla, para facilitar su comprensi\u00f3n. De esta forma podr\u00e1s determinar de forma libre y voluntaria si deseas facilitar sus datos personales a Boltendahl.<\/p>\n<h2>3.- \u00bfTienes la obligaci\u00f3n de facilitar tus datos?<\/h2>\n<p>Los datos solicitados en los formularios de la Web son, con car\u00e1cter general, obligatorios (salvo que en el campo requerido se especifique lo contrario) para cumplir con las finalidades para las que est\u00e1n siendo recabados.<\/p>\n<p>Por lo tanto, si no se facilitan los mismos o no se aportan correctamente no podr\u00e1n atenderse las finalidades. No obstante, s\u00ed que podr\u00e1s visualizar libremente el contenido del Sitio Web.<\/p>\n<h2>4.- \u00bfCon qu\u00e9 finalidad tratar\u00e1 Boltendahl tus datos?<\/h2>\n<p><strong>Datos facilitados para atender las solicitudes o peticiones que realices a trav\u00e9s de los canales de Atenci\u00f3n al Cliente.<\/strong><br \/>\nBoltendahl usar\u00e1 tus datos para:<\/p>\n<ul>\n<li>Gestionar, tramitar y dar respuesta a las peticiones, solicitudes, incidencias o consultas que has realizado.<\/li>\n<li>Enviarte comunicaciones comerciales personalizadas sobre productos y servicios de Boltendahl por medios electr\u00f3nicos.<\/li>\n<li>Efectuar un an\u00e1lisis sobre la utilizaci\u00f3n del Sitio Web y comprobar tus preferencias y comportamientos, con la finalidad de mejorar nuestra comunicaci\u00f3n contigo a trav\u00e9s del Sitio Web.<\/li>\n<\/ul>\n<p><strong>Datos facilitados para fines de marketing:<\/strong><\/p>\n<ul>\n<li>Gestionar tu suscripci\u00f3n y\/o baja de la Newsletter.<\/li>\n<li>Enviarte comunicaciones comerciales personalizadas sobre productos y servicios de Boltendahl por medios electr\u00f3nicos.<\/li>\n<li>Efectuar un an\u00e1lisis sobre la utilizaci\u00f3n del Sitio Web y comprobar tus preferencias y comportamientos, con la finalidad de mejorar nuestra comunicaci\u00f3n contigo a trav\u00e9s del Sitio Web.<\/li>\n<\/ul>\n<p><strong>An\u00e1lisis de usabilidad y de calidad para la mejora de nuestros servicios:<\/strong><\/p>\n<p>Si accedes a nuestro Sitio Web, te informamos de que trataremos tus datos de navegaci\u00f3n para fines anal\u00edticos y estad\u00edsticos, es decir, para entender la forma en la que los usuarios interact\u00faan con nuestro Sitio Web y as\u00ed ser capaces de introducir mejoras. As\u00ed mismo, en ocasiones realizamos acciones y encuestas de calidad destinadas a conocer el grado de satisfacci\u00f3n de nuestros clientes y usuarios con el fin de detectar aquellas \u00e1reas en las que podemos mejorar.<\/p>\n<h2>5.- \u00bfQu\u00e9 datos del Usuario tratar\u00e1 Boltendahl?<\/h2>\n<p>Boltendahl tratar\u00e1 las siguientes categor\u00edas de datos del Usuario:<\/p>\n<p><strong>Para atender las solicitudes o peticiones que realices a trav\u00e9s de los canales de Atenci\u00f3n al Cliente:<\/strong><\/p>\n<ul>\n<li>Datos identificativos: nombre y apellidos.<\/li>\n<li>Datos de contacto: direcci\u00f3n de correo electr\u00f3nico.<\/li>\n<li>Otros datos: otros datos facilitados en los campos abiertos de los formularios dispuestos en el Sitio Web.<\/li>\n<\/ul>\n<p><strong>Datos facilitados para fines de marketing:<\/strong><\/p>\n<ul>\n<li>Datos identificativos: nombre y apellidos.<\/li>\n<li>Datos de contacto: direcci\u00f3n de correo electr\u00f3nico.<\/li>\n<\/ul>\n<p><strong>Datos de usabilidad del Sitio Web:<\/strong><\/p>\n<ul>\n<li>Datos de conexi\u00f3n, geolocalizaci\u00f3n y navegaci\u00f3n (en caso de que interact\u00faes con nosotros desde el m\u00f3vil, por ejemplo).<\/li>\n<\/ul>\n<p>En caso de que facilites datos de terceros, manifiestas contar con su consentimiento y te comprometes a trasladarle la informaci\u00f3n contenida en la Pol\u00edtica de Privacidad, eximiendo a Boltendahl de cualquier responsabilidad en este sentido. No obstante, Boltendahl podr\u00e1 llevar a cabo verificaciones peri\u00f3dicas para constatar este hecho, adoptando las medidas de diligencia debida que correspondan, conforme a la normativa de protecci\u00f3n de datos.<\/p>\n<h2>6.- \u00bfCu\u00e1l es la legitimaci\u00f3n del tratamiento de tus datos personales Boltendahl?<\/h2>\n<p>La base legal que nos permite tratar tus datos personales tambi\u00e9n depende de la finalidad para la que los tratemos seg\u00fan lo explicado a continuaci\u00f3n:<\/p>\n<p><strong>Para atender las solicitudes o peticiones que realices a trav\u00e9s de los canales de Atenci\u00f3n al Cliente:<\/strong><br \/>\nConsideramos que tenemos un inter\u00e9s leg\u00edtimo para atender las solicitudes o consultas que nos plantees a trav\u00e9s de los diversos medios de contacto existentes. Entendemos que el tratamiento de estos datos resulta tambi\u00e9n beneficioso para ti en tanto que nos permite poder atenderte adecuadamente y resolver las consultas planteadas.<\/p>\n<p>Cuando nos contactes, en particular, para la gesti\u00f3n de incidencias relacionadas con tu pedido o producto\/servicio adquirido a trav\u00e9s de nuestro Sitio Web, el tratamiento es necesario para la ejecuci\u00f3n del contrato de compraventa.<\/p>\n<p>Cuando tu consulta est\u00e9 relacionada con el ejercicio de los derechos sobre los que te informamos m\u00e1s adelante, como por ejemplo el derecho de desistimiento, o con reclamaciones relacionadas con nuestros productos o servicios, nos legitima para tratar tus datos con el fin de cumplir con nuestras obligaciones legales.<\/p>\n<p><strong>Marketing:<\/strong><br \/>\nLa base leg\u00edtima para tratar tus datos con finalidades de marketing es el consentimiento que nos prestas, por ejemplo, cuando aceptas recibir informaci\u00f3n personalizada a trav\u00e9s de tu correo electr\u00f3nico o cuando aceptas las bases legales para participar en una acci\u00f3n promocional. Para mostrarte informaci\u00f3n personalizada, consideramos que tenemos un inter\u00e9s leg\u00edtimo para realizar un perfil con la informaci\u00f3n que tenemos sobre ti (como la navegaci\u00f3n que realizas, preferencias o hist\u00f3rico de compras) y los datos personales que nos has facilitado como rango de edad o idioma, ya que entendemos que el tratamiento de estos datos tambi\u00e9n resulta beneficioso para ti porque te permite mejorar tu experiencia como usuario y acceder a una informaci\u00f3n de acuerdo con tus preferencias.<\/p>\n<p><strong>An\u00e1lisis de usabilidad y de calidad:<\/strong><br \/>\nConsideramos que tenemos un inter\u00e9s leg\u00edtimo para analizar la usabilidad de nuestro Sitio Web y el grado de satisfacci\u00f3n del usuario ya que entendemos que el tratamiento de estos datos tambi\u00e9n resulta beneficioso para ti porque la finalidad es mejorar la experiencia del usuario y ofrecer un servicio de mayor calidad.<\/p>\n<p>Los consentimientos obtenidos para las finalidades mencionadas son independientes por lo que el Usuario podr\u00e1 revocar solo uno de ellos no afectando a los dem\u00e1s.<\/p>\n<p>Para revocar dicho consentimiento, el Usuario podr\u00e1 contactar con Boltendahl a trav\u00e9s del correo\u00a0 <a href=\"mailto:capurro@boltendhal.com\" target=\"_blank\" rel=\"noopener\">capurro@boltendhal.com<\/a> o a trav\u00e9s del formulario de contacto.<\/p>\n<h2>7.- \u00bfCon qu\u00e9 destinatarios se compartir\u00e1n tus datos?<\/h2>\n<p>Para cumplir las finalidades indicadas en la presente Pol\u00edtica de Privacidad, es necesario que demos acceso a tus datos personales a terceras partes que nos presten apoyo en los servicios que te ofrecemos, a saber:<\/p>\n<ul>\n<li>Entidades financieras,<\/li>\n<li>entidades de detecci\u00f3n y prevenci\u00f3n de fraude,<\/li>\n<li>proveedores de servicios tecnol\u00f3gicos,<\/li>\n<li>proveedores y colaboradores de servicios de log\u00edstica, transporte y entrega,<\/li>\n<li>Administraciones P\u00fablicas en los casos previstos en la ley.<\/li>\n<\/ul>\n<h2>8.- Transferencias internacionales de datos<\/h2>\n<p>Por eficiencia del servicio, algunos de los prestadores mencionados est\u00e1n ubicados en territorios situados fuera del Espacio Econ\u00f3mico Europeo que no proporcionan un nivel de protecci\u00f3n de datos equiparable al de la Uni\u00f3n Europea, como Estados Unidos. En tales casos, te informamos de que transferimos tus datos con garant\u00edas adecuadas y siempre guardando su seguridad.<\/p>\n<p>El Usuario queda informado de que Boltendahl tiene contratados los servicios de Google, Mailchimp, cuyos servidores se encuentran alojados en EEUU, lo que implica una transferencia internacional de datos. No obstante, las transferencias internacionales de datos se encuentran regularizadas puesto que las entidades mencionadas est\u00e1n adheridas al Protocolo de Privacy Shield, certificaci\u00f3n que puedes consultar en el siguiente enlace: https:\/\/www.privacyshield.gov\/welcome.<\/p>\n<h2>9.- \u00bfCu\u00e1nto tiempo conservaremos tus datos?<\/h2>\n<p>Tus datos ser\u00e1n conservados durante los siguientes plazos:<\/p>\n<ul>\n<li>Datos facilitados a trav\u00e9s de formularios de contacto durante el tiempo que sea necesario para atender tu solicitud o petici\u00f3n.<\/li>\n<li>Marketing, ser\u00e1n conservados mientras no revoques tu consentimiento prestado al efecto.<\/li>\n<li>An\u00e1lisis de usabilidad y de calidad, trataremos tus datos puntualmente durante el tiempo en el que procedamos a realizar una acci\u00f3n o encuesta de calidad concreta o hasta que anonimicemos tus datos de navegaci\u00f3n.<\/li>\n<\/ul>\n<p>Independientemente de que tratemos tus datos durante el tiempo estrictamente necesario para cumplir con la finalidad correspondiente, los conservaremos posteriormente debidamente guardados y protegidos durante el tiempo en que pudieran surgir responsabilidades derivadas del tratamiento, en cumplimiento con la normativa vigente en cada momento. Una vez prescriban las posibles acciones en cada caso, procederemos a la supresi\u00f3n de tus datos personales.<\/p>\n<h2>10.- Comunicaciones comerciales y promocionales<\/h2>\n<p>Una de las finalidades para las que Boltendahl trata los datos personales proporcionados es para remitirte comunicaciones comerciales con informaci\u00f3n relativa a productos, servicios, promociones, ofertas, eventos o noticias que sean de tu inter\u00e9s.<\/p>\n<p>En caso de que desees dejar de recibir comunicaciones comerciales o promocionales por parte de Boltendahl puedes solicitar la baja del servicio enviando un email a la siguiente direcci\u00f3n de correo electr\u00f3nico: <a href=\"mailto:capurro@boltendhal.com\" target=\"_blank\" rel=\"noopener\">capurro@boltendhal.com<\/a><\/p>\n<h2>11.- Responsabilidad del Usuario<\/h2>\n<p><strong>El Usuario:<\/strong><\/p>\n<ul>\n<li>Garantiza que los datos que facilita Boltendahl son verdaderos, exactos, completos y actualizados. A estos efectos, el Usuario responde de la veracidad de todos los datos que comunique y mantendr\u00e1 convenientemente actualizada la informaci\u00f3n facilitada, de tal forma que responda a su situaci\u00f3n real.<\/li>\n<li>Garantiza que ha informado a los terceros de los que facilite sus datos, en caso de hacerlo, de los aspectos contenidos en este documento. Asimismo, garantiza que ha obtenido su autorizaci\u00f3n para facilitar sus datos a Boltendahl para los fines se\u00f1alados.<\/li>\n<li>Ser\u00e1 responsable de las informaciones falsas o inexactas que proporcione a trav\u00e9s del Sitio Web y de los da\u00f1os y perjuicios, directos o indirectos, que ello cause a Boltendahl o a terceros.<\/li>\n<\/ul>\n<h2>12.- Cu\u00e1les son tus derechos<\/h2>\n<p>Nos comprometemos a respetar la confidencialidad de tus datos personales y a garantizarte el ejercicio de tus derechos. Puedes ejercerlos sin coste alguno escribi\u00e9ndonos un correo electr\u00f3nico a nuestra direcci\u00f3n\u00a0 <a href=\"mailto:capurro@boltendhal.com\" target=\"_blank\" rel=\"noopener\">capurro@boltendhal.com<\/a>, simplemente indic\u00e1ndonos el motivo de tu solicitud y el derecho que quieres ejercer. En caso de que lo consideremos necesario para poder identificarte, podremos solicitarte copia de un documento acreditativo de tu identidad:<\/p>\n<ul>\n<li>Pedirnos acceso a los datos que disponemos de ti. Te recordamos que en caso de ser usuario registrado en nuestro Sitio Web tambi\u00e9n puedes consultar esta informaci\u00f3n en la secci\u00f3n correspondiente a tus datos personales.<\/li>\n<li>Pedirnos que rectifiquemos los datos que ya disponemos. Recuerda que si eres usuario registrado en nuestro Sitio Web tambi\u00e9n puedes acceder a la secci\u00f3n correspondiente a tus datos personales de tu cuenta de usuario para modificar o actualizar tus datos personales. De todas formas, ten en cuenta que, al facilitarnos activamente tus datos personales por cualquier v\u00eda, garantizas que son ciertos y exactos y te comprometes a notificarnos cualquier cambio o modificaci\u00f3n de los mismos. Cualquier p\u00e9rdida o da\u00f1o causado a nuestro Sitio Web o al responsable de nuestro Sitio Web o a cualquier tercero por motivo de una informaci\u00f3n err\u00f3nea, inexacta o incompleta en los formularios de registro, ser\u00e1 responsabilidad exclusiva del usuario. Por favor, recuerda que por regla general solo debes facilitarnos tus propios datos personales, no los de terceros, salvo en lo permitido en esta Pol\u00edtica de Privacidad.<\/li>\n<li>Pedirnos que Suprimamos tus datos, en la medida en que ya no sean necesarios, para la finalidad con la que nos los has proporcionado, o que ya no contemos con legitimaci\u00f3n para hacerlo, seg\u00fan te hemos informado m\u00e1s arriba.<\/li>\n<li>Pedirnos que limitemos el tratamiento de tus datos, lo que supone que en determinados casos puedas solicitarnos que suspendamos temporalmente el tratamiento de los datos o que los conservemos m\u00e1s all\u00e1 del tiempo necesario cuando puedas requerirlo.<\/li>\n<\/ul>\n<p>Si nos has proporcionado tu consentimiento para el tratamiento de tus datos para cualquier finalidad, tambi\u00e9n tienes derecho a retirarlo en cualquier momento y revocar los consentimientos otorgados.<\/p>\n<p>Tambi\u00e9n tendr\u00e1s derecho a solicitar la portabilidad de tus datos personales. Esto significa que tendr\u00e1s derecho a recibir los datos personales que nos hayas facilitado en un formato estructurado, de uso com\u00fan y legible por una m\u00e1quina, para poder transmitirlo a otra entidad directamente, siempre que t\u00e9cnicamente sea posible.<\/p>\n<p>Por otra parte, cuando el tratamiento de tus datos est\u00e9 basado en nuestro inter\u00e9s leg\u00edtimo, tambi\u00e9n tendr\u00e1s derecho a oponerte a su uso.<\/p>\n<p>Por \u00faltimo, te informamos de tu derecho a interponer una reclamaci\u00f3n relativa a la protecci\u00f3n de tus datos personales ante la Agencia Espa\u00f1ola de Protecci\u00f3n de Datos (<a href=\"https:\/\/www.agpd.es\/portalwebAGPD\/index-ides-idphp.php\" target=\"_blank\" rel=\"noopener\">https:\/\/www.agpd.es\/portalwebAGPD\/index-ides-idphp.php<\/a> ) en la direcci\u00f3n C\/ Jorge Juan, 6, 28001 &#8211; Madrid, cuando el interesado considere que Boltendahl ha vulnerado los derechos que le son reconocidos por la normativa aplicable en protecci\u00f3n de datos.<\/p>\n<h2>13.- Medidas de seguridad<\/h2>\n<p>Boltendahl tratar\u00e1 los datos en todo momento de forma absolutamente confidencial y guardando el preceptivo deber de secreto respecto de los mismos, de conformidad con lo previsto en la normativa de aplicaci\u00f3n, adoptando al efecto las medidas de \u00edndole t\u00e9cnica y organizativas necesarias que garanticen la seguridad de sus datos y eviten su alteraci\u00f3n, p\u00e9rdida, tratamiento o acceso no autorizado, habida cuenta del estado de la tecnolog\u00eda, la naturaleza de los datos almacenados y los riesgos a que est\u00e1n expuestos.<\/p>\n<h2>14.- Cambios<\/h2>\n<p>Es posible que modifiquemos la informaci\u00f3n contenida en esta Pol\u00edtica de Privacidad cuando lo estimemos conveniente. En caso de que lo hagamos, te lo notificaremos por distintas v\u00edas a trav\u00e9s de nuestro Sitio Web (por ejemplo, a trav\u00e9s de un banner, un pop-up o una notificaci\u00f3n push), o incluso te lo comunicaremos a tu direcci\u00f3n de correo electr\u00f3nico cuando el cambio en cuesti\u00f3n sea significativo para con tu privacidad, de manera que puedas revisar los cambios, valorarlos y, en su caso, oponerte o darte de baja en alg\u00fan servicio o funcionalidad. En cualquier caso, te sugerimos que revises esta Pol\u00edtica de Privacidad de vez en cuando por si hubiera cambios menores o alguna mejora interactiva, aprovechando que siempre la encontrar\u00e1s como punto permanente de informaci\u00f3n en nuestra Web.<\/p>\n<h2>15.- Aceptaci\u00f3n y Consentimiento<\/h2>\n<p>Declaras haber sido informado de las condiciones sobre protecci\u00f3n de datos personales, aceptando y consintiendo el tratamiento automatizado de los mismos por parte de Boltendahl, en la forma y para las finalidades indicadas en la presente Pol\u00edtica de Privacidad.[\/vc_column_text][\/vc_column][\/vc_row]\n","protected":false},"excerpt":{"rendered":"<p>[vc_row type=&#8221;full_width_background&#8221; full_screen_row_position=&#8221;middle&#8221; column_margin=&#8221;default&#8221; equal_height=&#8221;yes&#8221; content_placement=&#8221;top&#8221; column_direction=&#8221;default&#8221; column_direction_tablet=&#8221;default&#8221; column_direction_phone=&#8221;default&#8221; scene_position=&#8221;center&#8221; top_padding=&#8221;0&#8243; bottom_padding=&#8221;2%&#8221; text_color=&#8221;dark&#8221; text_align=&#8221;left&#8221; row_border_radius=&#8221;none&#8221; row_border_radius_applies=&#8221;bg&#8221; overflow=&#8221;visible&#8221; overlay_strength=&#8221;0.3&#8243; gradient_direction=&#8221;left_to_right&#8221; shape_divider_color=&#8221;#f9f9f9&#8243; shape_divider_position=&#8221;bottom&#8221; shape_divider_height=&#8221;65%&#8221; bg_image_animation=&#8221;none&#8221; shape_type=&#8221;straight_section&#8221;][vc_column column_padding=&#8221;padding-6-percent&#8221; column_padding_tablet=&#8221;padding-3-percent&#8221; column_padding_phone=&#8221;no-extra-padding&#8221; column_padding_position=&#8221;left&#8221; top_margin=&#8221;8%&#8221; column_element_direction_desktop=&#8221;default&#8221;&#8230;<\/p>\n","protected":false},"author":1,"featured_media":0,"parent":0,"menu_order":0,"comment_status":"closed","ping_status":"open","template":"","meta":{"inline_featured_image":false,"footnotes":""},"class_list":["post-3228","page","type-page","status-publish"],"_links":{"self":[{"href":"https:\/\/boltendahl.com\/en\/wp-json\/wp\/v2\/pages\/3228","targetHints":{"allow":["GET"]}}],"collection":[{"href":"https:\/\/boltendahl.com\/en\/wp-json\/wp\/v2\/pages"}],"about":[{"href":"https:\/\/boltendahl.com\/en\/wp-json\/wp\/v2\/types\/page"}],"author":[{"embeddable":true,"href":"https:\/\/boltendahl.com\/en\/wp-json\/wp\/v2\/users\/1"}],"replies":[{"embeddable":true,"href":"https:\/\/boltendahl.com\/en\/wp-json\/wp\/v2\/comments?post=3228"}],"version-history":[{"count":3,"href":"https:\/\/boltendahl.com\/en\/wp-json\/wp\/v2\/pages\/3228\/revisions"}],"predecessor-version":[{"id":4312,"href":"https:\/\/boltendahl.com\/en\/wp-json\/wp\/v2\/pages\/3228\/revisions\/4312"}],"wp:attachment":[{"href":"https:\/\/boltendahl.com\/en\/wp-json\/wp\/v2\/media?parent=3228"}],"curies":[{"name":"wp","href":"https:\/\/api.w.org\/{rel}","templated":true}]}}